{"id":9384,"date":"2024-01-11T04:57:50","date_gmt":"2024-01-11T04:57:50","guid":{"rendered":"https:\/\/www.elviejoalmacen.mx\/\/?post_type=product&#038;p=9384"},"modified":"2024-01-16T04:55:48","modified_gmt":"2024-01-16T04:55:48","slug":"espejo-grabado-musica","status":"publish","type":"product","link":"https:\/\/www.elviejoalmacen.mx\/en\/product\/espejo-grabado-musica\/","title":{"rendered":"Espejo Grabado M\u00fasica (muestra)"},"content":{"rendered":"<div>\n<p>Los detalles intrincados de esta pieza de artesan\u00eda cuentan la historia del cobre, desde su descubrimiento hasta su transformaci\u00f3n en esta joya atemporal. La superficie del metal pulido irradia un brillo sutil, mientras que las tonalidades c\u00e1lidas del cobre a\u00f1aden un toque de calidez a cualquier espacio dentro de su hogar.<\/p>\n<p>Cada pieza es \u00fanica, con ligeras variaciones que son la firma de la artesan\u00eda aut\u00e9ntica. El cobre, conocido por su durabilidad, asegura que esta obra maestra trascienda las estaciones y las modas, convirti\u00e9ndose en un legado familiar apreciado. Deje que el resplandor centenario de &#8220;El Viejo Almac\u00e9n&#8221; ilumine su hogar y su coraz\u00f3n con la magia del arte en cobre.<\/p>\n<p>&nbsp;<\/p>\n<p><b>Caracter\u00edsticas:<\/b><\/p>\n<\/div>\n<div>\n<div>Hecho en cobre.<\/div>\n<div>Tallado y forjado a mano.<\/div>\n<div>Dise\u00f1o original<\/div>\n<\/div>","protected":false},"excerpt":{"rendered":"<p>E 101718<\/p>","protected":false},"featured_media":9385,"comment_status":"open","ping_status":"closed","template":"","meta":[],"product_cat":[67],"product_tag":[],"_links":{"self":[{"href":"https:\/\/www.elviejoalmacen.mx\/en\/wp-json\/wp\/v2\/product\/9384"}],"collection":[{"href":"https:\/\/www.elviejoalmacen.mx\/en\/wp-json\/wp\/v2\/product"}],"about":[{"href":"https:\/\/www.elviejoalmacen.mx\/en\/wp-json\/wp\/v2\/types\/product"}],"replies":[{"embeddable":true,"href":"https:\/\/www.elviejoalmacen.mx\/en\/wp-json\/wp\/v2\/comments?post=9384"}],"wp:featuredmedia":[{"embeddable":true,"href":"https:\/\/www.elviejoalmacen.mx\/en\/wp-json\/wp\/v2\/media\/9385"}],"wp:attachment":[{"href":"https:\/\/www.elviejoalmacen.mx\/en\/wp-json\/wp\/v2\/media?parent=9384"}],"wp:term":[{"taxonomy":"product_cat","embeddable":true,"href":"https:\/\/www.elviejoalmacen.mx\/en\/wp-json\/wp\/v2\/product_cat?post=9384"},{"taxonomy":"product_tag","embeddable":true,"href":"https:\/\/www.elviejoalmacen.mx\/en\/wp-json\/wp\/v2\/product_tag?post=9384"}],"curies":[{"name":"wp","href":"https:\/\/api.w.org\/{rel}","templated":true}]}}