{"id":8583,"date":"2023-11-23T03:23:03","date_gmt":"2023-11-23T03:23:03","guid":{"rendered":"https:\/\/www.elviejoalmacen.mx\/\/?page_id=8583"},"modified":"2023-12-08T03:27:45","modified_gmt":"2023-12-08T03:27:45","slug":"productos","status":"publish","type":"page","link":"https:\/\/www.elviejoalmacen.mx\/en\/productos\/","title":{"rendered":"PRODUCTS"},"content":{"rendered":"<div data-elementor-type=\"wp-page\" data-elementor-id=\"8583\" class=\"elementor elementor-8583\" data-elementor-post-type=\"page\">\n\t\t\t\t\t\t<section class=\"elementor-section elementor-top-section elementor-element elementor-element-d4f32dd elementor-section-full_width elementor-section-height-default elementor-section-height-default qodef-elementor-content-no\" data-id=\"d4f32dd\" data-element_type=\"section\" data-settings=\"{&quot;background_background&quot;:&quot;classic&quot;}\">\n\t\t\t\t\t\t<div class=\"elementor-container elementor-column-gap-default\">\n\t\t\t\t\t<div class=\"elementor-column elementor-col-100 elementor-top-column elementor-element elementor-element-df30eae\" data-id=\"df30eae\" data-element_type=\"column\">\n\t\t\t<div class=\"elementor-widget-wrap elementor-element-populated\">\n\t\t\t\t\t\t<div class=\"elementor-element elementor-element-0ddb080 elementor-widget elementor-widget-slider_revolution\" data-id=\"0ddb080\" data-element_type=\"widget\" data-widget_type=\"slider_revolution.default\">\n\t\t\t\t<div class=\"elementor-widget-container\">\n\t\t\t\r\n\t\t<div class=\"wp-block-themepunch-revslider\">\n\t\t\t<!-- START Banner Productos REVOLUTION SLIDER 6.6.13 --><p class=\"rs-p-wp-fix\"><\/p>\n\t\t\t<rs-module-wrap id=\"rev_slider_7_1_wrapper\" data-source=\"gallery\" style=\"visibility:hidden;background:transparent;padding:0;margin:0px auto;margin-top:0;margin-bottom:0;\">\n\t\t\t\t<rs-module id=\"rev_slider_7_1\" style=\"\" data-version=\"6.6.13\">\n\t\t\t\t\t<rs-slides style=\"overflow: hidden; position: absolute;\">\n\t\t\t\t\t\t<rs-slide style=\"position: absolute;\" data-key=\"rs-15\" data-title=\"Slide\" data-in=\"o:0;\" data-out=\"a:false;\">\n\t\t\t\t\t\t\t<img fetchpriority=\"high\" decoding=\"async\" src=\"\/\/www.elviejoalmacen.mx\/wp-content\/plugins\/revslider\/public\/assets\/assets\/dummy.png\" alt=\"\" title=\"banner-productos\" width=\"1920\" height=\"437\" class=\"rev-slidebg tp-rs-img rs-lazyload\" data-lazyload=\"\/\/www.elviejoalmacen.mx\/wp-content\/uploads\/2023\/11\/banner-productos.jpg\" data-no-retina>\n<!--\n\t\t\t\t\t\t\t--><rs-layer\n\t\t\t\t\t\t\t\tid=\"slider-7-slide-15-layer-1\" \n\t\t\t\t\t\t\t\tdata-type=\"text\"\n\t\t\t\t\t\t\t\tdata-xy=\"x:c;xo:1px;y:m;yo:25px,-5px,29px,29px;\"\n\t\t\t\t\t\t\t\tdata-text=\"w:normal;s:50,50,50,32;l:55,55,55,38;ls:0.2px,0px,0px,0px;fw:500;a:left,left,center,center;\"\n\t\t\t\t\t\t\t\tdata-dim=\"w:auto,auto,490px,300px;\"\n\t\t\t\t\t\t\t\tdata-rsp_o=\"off\"\n\t\t\t\t\t\t\t\tdata-rsp_bd=\"off\"\n\t\t\t\t\t\t\t\tdata-frame_0=\"x:-50;\"\n\t\t\t\t\t\t\t\tdata-frame_1=\"st:400;sp:1000;\"\n\t\t\t\t\t\t\t\tdata-frame_999=\"o:0;st:w;\"\n\t\t\t\t\t\t\t\tstyle=\"z-index:6;font-family:'Cormorant';font-weight:400;\"\n\t\t\t\t\t\t\t>HANDICRAFTS \n\t\t\t\t\t\t\t<\/rs-layer><!--\n\n\t\t\t\t\t\t\t--><rs-layer\n\t\t\t\t\t\t\t\tid=\"slider-7-slide-15-layer-2\" \n\t\t\t\t\t\t\t\tdata-type=\"text\"\n\t\t\t\t\t\t\t\tdata-color=\"#e0e0e0\"\n\t\t\t\t\t\t\t\tdata-xy=\"x:c;y:m;yo:-25px,-66px,-59px,-25px;\"\n\t\t\t\t\t\t\t\tdata-text=\"w:normal;l:55;ls:0.2px,0px,0px,0px;fw:300;a:center;\"\n\t\t\t\t\t\t\t\tdata-basealign=\"slide\"\n\t\t\t\t\t\t\t\tdata-rsp_o=\"off\"\n\t\t\t\t\t\t\t\tdata-rsp_bd=\"off\"\n\t\t\t\t\t\t\t\tdata-frame_0=\"x:-50;\"\n\t\t\t\t\t\t\t\tdata-frame_1=\"st:200;sp:1000;\"\n\t\t\t\t\t\t\t\tdata-frame_999=\"o:0;st:w;\"\n\t\t\t\t\t\t\t\tstyle=\"z-index:7;font-family:'Cormorant';font-style:italic;\"\n\t\t\t\t\t\t\t>We create special pieces \n\t\t\t\t\t\t\t<\/rs-layer><!--\n-->\t\t\t\t\t\t<\/rs-slide>\n\t\t\t\t\t<\/rs-slides>\n\t\t\t\t\t<rs-static-layers><!--\n\t\t\t\t\t--><\/rs-static-layers>\n\t\t\t\t<\/rs-module>\n\t\t\t\t<script>\n\t\t\t\t\tsetREVStartSize({c: 'rev_slider_7_1',rl:[1240,1024,778,480],el:[437,768,960,720],gw:[1920,1024,778,480],gh:[437,768,960,720],type:'standard',justify:'',layout:'fullwidth',mh:\"0\"});if (window.RS_MODULES!==undefined && window.RS_MODULES.modules!==undefined && window.RS_MODULES.modules[\"revslider71\"]!==undefined) {window.RS_MODULES.modules[\"revslider71\"].once = false;window.revapi7 = undefined;if (window.RS_MODULES.checkMinimal!==undefined) window.RS_MODULES.checkMinimal()}\n\t\t\t\t<\/script>\n\t\t\t<\/rs-module-wrap>\n\t\t\t<!-- END REVOLUTION SLIDER -->\n<\/div>\r\n\r\n\t\t\t\t<\/div>\n\t\t\t\t<\/div>\n\t\t\t\t\t<\/div>\n\t\t<\/div>\n\t\t\t\t\t<\/div>\n\t\t<\/section>\n\t\t<div class=\"elementor-element elementor-element-6884230 e-flex e-con-boxed e-con e-parent\" data-id=\"6884230\" data-element_type=\"container\" data-core-v316-plus=\"true\">\n\t\t\t\t\t<div class=\"e-con-inner\">\n\t\t\t\t<div class=\"elementor-element elementor-element-9663df6 elementor-widget elementor-widget-etruscan_core_product_category_list\" data-id=\"9663df6\" data-element_type=\"widget\" data-widget_type=\"etruscan_core_product_category_list.default\">\n\t\t\t\t<div class=\"elementor-widget-container\">\n\t\t\t<div class=\"qodef-shortcode qodef-m  qodef-woo-shortcode qodef-woo-product-category-list qodef-item-layout--info-on-image qodef-grid qodef-layout--columns  qodef-gutter--normal qodef-col-num--3 qodef-item-layout--info-on-image  qodef-responsive--predefined\">\n\t<div class=\"qodef-grid-inner clear\">\n\t\t<div class=\"qodef-e qodef-grid-item qodef-item--full product-category product first\">\n\t<div class=\"qodef-e-inner\">\n\t\t<a href=\"https:\/\/www.elviejoalmacen.mx\/en\/product-category\/bano\/\">\n\t\t\t<img decoding=\"async\" width=\"360\" height=\"370\" src=\"https:\/\/www.elviejoalmacen.mx\/wp-content\/uploads\/2023\/11\/categoria02.jpeg\" class=\"attachment-full size-full\" alt=\"\" srcset=\"https:\/\/www.elviejoalmacen.mx\/wp-content\/uploads\/2023\/11\/categoria02.jpeg 360w, https:\/\/www.elviejoalmacen.mx\/wp-content\/uploads\/2023\/11\/categoria02-292x300.jpeg 292w\" sizes=\"(max-width: 360px) 100vw, 360px\" \/>\t\t\t<h4 class=\"woocommerce-loop-category__title\" >\n\tBa\u00f1o<\/h4>\n\t\t<\/a>\n\t<\/div>\n<\/div>\n<div class=\"qodef-e qodef-grid-item qodef-item--full product-category product\">\n\t<div class=\"qodef-e-inner\">\n\t\t<a href=\"https:\/\/www.elviejoalmacen.mx\/en\/product-category\/black-clay\/\">\n\t\t\t<img decoding=\"async\" width=\"800\" height=\"887\" src=\"https:\/\/www.elviejoalmacen.mx\/wp-content\/uploads\/2021\/07\/h4-category-img1.jpg\" class=\"attachment-full size-full\" alt=\"a\" srcset=\"https:\/\/www.elviejoalmacen.mx\/wp-content\/uploads\/2021\/07\/h4-category-img1.jpg 800w, https:\/\/www.elviejoalmacen.mx\/wp-content\/uploads\/2021\/07\/h4-category-img1-600x665.jpg 600w, https:\/\/www.elviejoalmacen.mx\/wp-content\/uploads\/2021\/07\/h4-category-img1-271x300.jpg 271w, https:\/\/www.elviejoalmacen.mx\/wp-content\/uploads\/2021\/07\/h4-category-img1-768x852.jpg 768w\" sizes=\"(max-width: 800px) 100vw, 800px\" \/>\t\t\t<h4 class=\"woocommerce-loop-category__title\" >\n\tBlack Clay<\/h4>\n\t\t<\/a>\n\t<\/div>\n<\/div>\n<div class=\"qodef-e qodef-grid-item qodef-item--full product-category product last\">\n\t<div class=\"qodef-e-inner\">\n\t\t<a href=\"https:\/\/www.elviejoalmacen.mx\/en\/product-category\/cocina\/\">\n\t\t\t<img loading=\"lazy\" decoding=\"async\" width=\"1200\" height=\"1200\" src=\"https:\/\/www.elviejoalmacen.mx\/wp-content\/uploads\/woocommerce-placeholder.png\" class=\"attachment-full size-full\" alt=\"\" srcset=\"https:\/\/www.elviejoalmacen.mx\/wp-content\/uploads\/woocommerce-placeholder.png 1200w, https:\/\/www.elviejoalmacen.mx\/wp-content\/uploads\/woocommerce-placeholder-300x300.png 300w, https:\/\/www.elviejoalmacen.mx\/wp-content\/uploads\/woocommerce-placeholder-100x100.png 100w, https:\/\/www.elviejoalmacen.mx\/wp-content\/uploads\/woocommerce-placeholder-600x600.png 600w, https:\/\/www.elviejoalmacen.mx\/wp-content\/uploads\/woocommerce-placeholder-1024x1024.png 1024w, https:\/\/www.elviejoalmacen.mx\/wp-content\/uploads\/woocommerce-placeholder-150x150.png 150w, https:\/\/www.elviejoalmacen.mx\/wp-content\/uploads\/woocommerce-placeholder-768x768.png 768w, https:\/\/www.elviejoalmacen.mx\/wp-content\/uploads\/woocommerce-placeholder-650x650.png 650w\" sizes=\"(max-width: 1200px) 100vw, 1200px\" \/>\t\t\t<h4 class=\"woocommerce-loop-category__title\" >\n\tCocina<\/h4>\n\t\t<\/a>\n\t<\/div>\n<\/div>\n<div class=\"qodef-e qodef-grid-item qodef-item--full product-category product first\">\n\t<div class=\"qodef-e-inner\">\n\t\t<a href=\"https:\/\/www.elviejoalmacen.mx\/en\/product-category\/cubiertas\/\">\n\t\t\t<img loading=\"lazy\" decoding=\"async\" width=\"1200\" height=\"1200\" src=\"https:\/\/www.elviejoalmacen.mx\/wp-content\/uploads\/woocommerce-placeholder.png\" class=\"attachment-full size-full\" alt=\"\" srcset=\"https:\/\/www.elviejoalmacen.mx\/wp-content\/uploads\/woocommerce-placeholder.png 1200w, https:\/\/www.elviejoalmacen.mx\/wp-content\/uploads\/woocommerce-placeholder-300x300.png 300w, https:\/\/www.elviejoalmacen.mx\/wp-content\/uploads\/woocommerce-placeholder-100x100.png 100w, https:\/\/www.elviejoalmacen.mx\/wp-content\/uploads\/woocommerce-placeholder-600x600.png 600w, https:\/\/www.elviejoalmacen.mx\/wp-content\/uploads\/woocommerce-placeholder-1024x1024.png 1024w, https:\/\/www.elviejoalmacen.mx\/wp-content\/uploads\/woocommerce-placeholder-150x150.png 150w, https:\/\/www.elviejoalmacen.mx\/wp-content\/uploads\/woocommerce-placeholder-768x768.png 768w, https:\/\/www.elviejoalmacen.mx\/wp-content\/uploads\/woocommerce-placeholder-650x650.png 650w\" sizes=\"(max-width: 1200px) 100vw, 1200px\" \/>\t\t\t<h4 class=\"woocommerce-loop-category__title\" >\n\tCubiertas<\/h4>\n\t\t<\/a>\n\t<\/div>\n<\/div>\n<div class=\"qodef-e qodef-grid-item qodef-item--full product-category product\">\n\t<div class=\"qodef-e-inner\">\n\t\t<a href=\"https:\/\/www.elviejoalmacen.mx\/en\/product-category\/espejos\/\">\n\t\t\t<img loading=\"lazy\" decoding=\"async\" width=\"1200\" height=\"1200\" src=\"https:\/\/www.elviejoalmacen.mx\/wp-content\/uploads\/woocommerce-placeholder.png\" class=\"attachment-full size-full\" alt=\"\" srcset=\"https:\/\/www.elviejoalmacen.mx\/wp-content\/uploads\/woocommerce-placeholder.png 1200w, https:\/\/www.elviejoalmacen.mx\/wp-content\/uploads\/woocommerce-placeholder-300x300.png 300w, https:\/\/www.elviejoalmacen.mx\/wp-content\/uploads\/woocommerce-placeholder-100x100.png 100w, https:\/\/www.elviejoalmacen.mx\/wp-content\/uploads\/woocommerce-placeholder-600x600.png 600w, https:\/\/www.elviejoalmacen.mx\/wp-content\/uploads\/woocommerce-placeholder-1024x1024.png 1024w, https:\/\/www.elviejoalmacen.mx\/wp-content\/uploads\/woocommerce-placeholder-150x150.png 150w, https:\/\/www.elviejoalmacen.mx\/wp-content\/uploads\/woocommerce-placeholder-768x768.png 768w, https:\/\/www.elviejoalmacen.mx\/wp-content\/uploads\/woocommerce-placeholder-650x650.png 650w\" sizes=\"(max-width: 1200px) 100vw, 1200px\" \/>\t\t\t<h4 class=\"woocommerce-loop-category__title\" >\n\tEspejos<\/h4>\n\t\t<\/a>\n\t<\/div>\n<\/div>\n<div class=\"qodef-e qodef-grid-item qodef-item--full product-category product last\">\n\t<div class=\"qodef-e-inner\">\n\t\t<a href=\"https:\/\/www.elviejoalmacen.mx\/en\/product-category\/black-clay\/fire\/\">\n\t\t\t\t\t\t<h4 class=\"woocommerce-loop-category__title\" >\n\tFire<\/h4>\n\t\t<\/a>\n\t<\/div>\n<\/div>\n<div class=\"qodef-e qodef-grid-item qodef-item--full product-category product first\">\n\t<div class=\"qodef-e-inner\">\n\t\t<a href=\"https:\/\/www.elviejoalmacen.mx\/en\/product-category\/jarrones\/\">\n\t\t\t<img loading=\"lazy\" decoding=\"async\" width=\"1200\" height=\"1200\" src=\"https:\/\/www.elviejoalmacen.mx\/wp-content\/uploads\/woocommerce-placeholder.png\" class=\"attachment-full size-full\" alt=\"\" srcset=\"https:\/\/www.elviejoalmacen.mx\/wp-content\/uploads\/woocommerce-placeholder.png 1200w, https:\/\/www.elviejoalmacen.mx\/wp-content\/uploads\/woocommerce-placeholder-300x300.png 300w, https:\/\/www.elviejoalmacen.mx\/wp-content\/uploads\/woocommerce-placeholder-100x100.png 100w, https:\/\/www.elviejoalmacen.mx\/wp-content\/uploads\/woocommerce-placeholder-600x600.png 600w, https:\/\/www.elviejoalmacen.mx\/wp-content\/uploads\/woocommerce-placeholder-1024x1024.png 1024w, https:\/\/www.elviejoalmacen.mx\/wp-content\/uploads\/woocommerce-placeholder-150x150.png 150w, https:\/\/www.elviejoalmacen.mx\/wp-content\/uploads\/woocommerce-placeholder-768x768.png 768w, https:\/\/www.elviejoalmacen.mx\/wp-content\/uploads\/woocommerce-placeholder-650x650.png 650w\" sizes=\"(max-width: 1200px) 100vw, 1200px\" \/>\t\t\t<h4 class=\"woocommerce-loop-category__title\" >\n\tJarrones<\/h4>\n\t\t<\/a>\n\t<\/div>\n<\/div>\n<div class=\"qodef-e qodef-grid-item qodef-item--full product-category product\">\n\t<div class=\"qodef-e-inner\">\n\t\t<a href=\"https:\/\/www.elviejoalmacen.mx\/en\/product-category\/joyeria\/\">\n\t\t\t<img loading=\"lazy\" decoding=\"async\" width=\"1200\" height=\"1200\" src=\"https:\/\/www.elviejoalmacen.mx\/wp-content\/uploads\/woocommerce-placeholder.png\" class=\"attachment-full size-full\" alt=\"\" srcset=\"https:\/\/www.elviejoalmacen.mx\/wp-content\/uploads\/woocommerce-placeholder.png 1200w, https:\/\/www.elviejoalmacen.mx\/wp-content\/uploads\/woocommerce-placeholder-300x300.png 300w, https:\/\/www.elviejoalmacen.mx\/wp-content\/uploads\/woocommerce-placeholder-100x100.png 100w, https:\/\/www.elviejoalmacen.mx\/wp-content\/uploads\/woocommerce-placeholder-600x600.png 600w, https:\/\/www.elviejoalmacen.mx\/wp-content\/uploads\/woocommerce-placeholder-1024x1024.png 1024w, https:\/\/www.elviejoalmacen.mx\/wp-content\/uploads\/woocommerce-placeholder-150x150.png 150w, https:\/\/www.elviejoalmacen.mx\/wp-content\/uploads\/woocommerce-placeholder-768x768.png 768w, https:\/\/www.elviejoalmacen.mx\/wp-content\/uploads\/woocommerce-placeholder-650x650.png 650w\" sizes=\"(max-width: 1200px) 100vw, 1200px\" \/>\t\t\t<h4 class=\"woocommerce-loop-category__title\" >\n\tJoyer\u00eda<\/h4>\n\t\t<\/a>\n\t<\/div>\n<\/div>\n<div class=\"qodef-e qodef-grid-item qodef-item--full product-category product last\">\n\t<div class=\"qodef-e-inner\">\n\t\t<a href=\"https:\/\/www.elviejoalmacen.mx\/en\/product-category\/lamparas\/\">\n\t\t\t<img loading=\"lazy\" decoding=\"async\" width=\"1200\" height=\"1200\" src=\"https:\/\/www.elviejoalmacen.mx\/wp-content\/uploads\/woocommerce-placeholder.png\" class=\"attachment-full size-full\" alt=\"\" srcset=\"https:\/\/www.elviejoalmacen.mx\/wp-content\/uploads\/woocommerce-placeholder.png 1200w, https:\/\/www.elviejoalmacen.mx\/wp-content\/uploads\/woocommerce-placeholder-300x300.png 300w, https:\/\/www.elviejoalmacen.mx\/wp-content\/uploads\/woocommerce-placeholder-100x100.png 100w, https:\/\/www.elviejoalmacen.mx\/wp-content\/uploads\/woocommerce-placeholder-600x600.png 600w, https:\/\/www.elviejoalmacen.mx\/wp-content\/uploads\/woocommerce-placeholder-1024x1024.png 1024w, https:\/\/www.elviejoalmacen.mx\/wp-content\/uploads\/woocommerce-placeholder-150x150.png 150w, https:\/\/www.elviejoalmacen.mx\/wp-content\/uploads\/woocommerce-placeholder-768x768.png 768w, https:\/\/www.elviejoalmacen.mx\/wp-content\/uploads\/woocommerce-placeholder-650x650.png 650w\" sizes=\"(max-width: 1200px) 100vw, 1200px\" \/>\t\t\t<h4 class=\"woocommerce-loop-category__title\" >\n\tL\u00e1mparas<\/h4>\n\t\t<\/a>\n\t<\/div>\n<\/div>\n\t<\/div>\n<\/div>\n\t\t<\/div>\n\t\t\t\t<\/div>\n\t\t\t\t\t<\/div>\n\t\t\t\t<\/div>\n\t\t\t\t<\/div>","protected":false},"excerpt":{"rendered":"<p>Ba\u00f1o Black Clay Cocina Cubiertas Espejos Fire Jarrones Joyer\u00eda L\u00e1mparas<\/p>","protected":false},"author":1,"featured_media":0,"parent":0,"menu_order":0,"comment_status":"closed","ping_status":"closed","template":"page-full-width.php","meta":{"footnotes":""},"_links":{"self":[{"href":"https:\/\/www.elviejoalmacen.mx\/en\/wp-json\/wp\/v2\/pages\/8583"}],"collection":[{"href":"https:\/\/www.elviejoalmacen.mx\/en\/wp-json\/wp\/v2\/pages"}],"about":[{"href":"https:\/\/www.elviejoalmacen.mx\/en\/wp-json\/wp\/v2\/types\/page"}],"author":[{"embeddable":true,"href":"https:\/\/www.elviejoalmacen.mx\/en\/wp-json\/wp\/v2\/users\/1"}],"replies":[{"embeddable":true,"href":"https:\/\/www.elviejoalmacen.mx\/en\/wp-json\/wp\/v2\/comments?post=8583"}],"version-history":[{"count":10,"href":"https:\/\/www.elviejoalmacen.mx\/en\/wp-json\/wp\/v2\/pages\/8583\/revisions"}],"predecessor-version":[{"id":8595,"href":"https:\/\/www.elviejoalmacen.mx\/en\/wp-json\/wp\/v2\/pages\/8583\/revisions\/8595"}],"wp:attachment":[{"href":"https:\/\/www.elviejoalmacen.mx\/en\/wp-json\/wp\/v2\/media?parent=8583"}],"curies":[{"name":"wp","href":"https:\/\/api.w.org\/{rel}","templated":true}]}}